{"id":49,"date":"2025-10-18T17:23:38","date_gmt":"2025-10-18T14:23:38","guid":{"rendered":"https:\/\/vuralkimya.com\/?page_id=49"},"modified":"2025-10-18T20:56:08","modified_gmt":"2025-10-18T17:56:08","slug":"home","status":"publish","type":"page","link":"https:\/\/vuralkimya.com\/","title":{"rendered":"vuralkimya"},"content":{"rendered":"\t\t<div data-elementor-type=\"wp-page\" data-elementor-id=\"49\" class=\"elementor elementor-49\">\n\t\t\t\t<div class=\"elementor-element elementor-element-4c3a01b e-con-full e-flex e-con e-parent\" data-id=\"4c3a01b\" data-element_type=\"container\">\n\t\t<div class=\"elementor-element elementor-element-158e2c18 e-con-full e-flex e-con e-child\" data-id=\"158e2c18\" data-element_type=\"container\">\n\t\t<div class=\"elementor-element elementor-element-b8bf63d e-con-full e-flex e-con e-child\" data-id=\"b8bf63d\" data-element_type=\"container\">\n\t\t\t\t<div class=\"elementor-element elementor-element-4bd37299 elementor-widget elementor-widget-heading\" data-id=\"4bd37299\" data-element_type=\"widget\" data-widget_type=\"heading.default\">\n\t\t\t\t\t<h1 class=\"elementor-heading-title elementor-size-default\">End\u00fcstriyel Kimyasallar ve \u00dcr\u00fcn \u00c7\u00f6z\u00fcmleri<\/h1>\t\t\t\t<\/div>\n\t\t\t\t<div class=\"elementor-element elementor-element-34557ee9 elementor-widget__width-initial elementor-widget elementor-widget-text-editor\" data-id=\"34557ee9\" data-element_type=\"widget\" data-widget_type=\"text-editor.default\">\n\t\t\t\t\t\t\t\t\t<p>Geni\u015f kapsaml\u0131 katalo\u011fumuzu indirin.<\/p>\t\t\t\t\t\t\t\t<\/div>\n\t\t\t\t<div class=\"elementor-element elementor-element-32fc177d elementor-invisible elementor-widget elementor-widget-button\" data-id=\"32fc177d\" data-element_type=\"widget\" data-settings=\"{&quot;_animation&quot;:&quot;fadeInDown&quot;}\" data-widget_type=\"button.default\">\n\t\t\t\t\t\t\t\t\t\t<a class=\"elementor-button elementor-button-link elementor-size-sm elementor-animation-sink\" href=\"https:\/\/vuralkimya.com\/wp-content\/uploads\/2025\/10\/VuralKimyaTanitim.pdf\" target=\"_blank\">\n\t\t\t\t\t\t<span class=\"elementor-button-content-wrapper\">\n\t\t\t\t\t\t\t\t\t<span class=\"elementor-button-text\">Katalog<\/span>\n\t\t\t\t\t<\/span>\n\t\t\t\t\t<\/a>\n\t\t\t\t\t\t\t\t<\/div>\n\t\t\t\t<\/div>\n\t\t\t\t<div class=\"elementor-element elementor-element-50be4a92 elementor-invisible elementor-widget elementor-widget-heading\" data-id=\"50be4a92\" data-element_type=\"widget\" data-settings=\"{&quot;_animation&quot;:&quot;fadeInUp&quot;}\" data-widget_type=\"heading.default\">\n\t\t\t\t\t<span class=\"elementor-heading-title elementor-size-default\">vuralkimya<\/span>\t\t\t\t<\/div>\n\t\t\t\t<\/div>\n\t\t<div class=\"elementor-element elementor-element-40b42539 e-con-full e-flex e-con e-child\" data-id=\"40b42539\" data-element_type=\"container\" data-settings=\"{&quot;background_background&quot;:&quot;classic&quot;}\">\n\t\t\t\t<\/div>\n\t\t\t\t<\/div>\n\t\t<div class=\"elementor-element elementor-element-73fd8e95 e-con-full e-flex e-con e-parent\" data-id=\"73fd8e95\" data-element_type=\"container\">\n\t\t<div class=\"elementor-element elementor-element-17209eb0 e-con-full e-flex e-con e-child\" data-id=\"17209eb0\" data-element_type=\"container\" data-settings=\"{&quot;background_background&quot;:&quot;classic&quot;}\">\n\t\t\t\t<\/div>\n\t\t<div class=\"elementor-element elementor-element-2be57289 e-con-full e-flex e-con e-child\" data-id=\"2be57289\" data-element_type=\"container\">\n\t\t\t\t<div class=\"elementor-element elementor-element-613938a4 elementor-widget elementor-widget-heading\" data-id=\"613938a4\" data-element_type=\"widget\" data-widget_type=\"heading.default\">\n\t\t\t\t\t<h2 class=\"elementor-heading-title elementor-size-default\">Kalite, G\u00fcven ve 40 y\u0131ll\u0131k tecr\u00fcbemizle Yan\u0131n\u0131zday\u0131z<\/h2>\t\t\t\t<\/div>\n\t\t\t\t<div class=\"elementor-element elementor-element-3e8e9aed elementor-widget elementor-widget-text-editor\" data-id=\"3e8e9aed\" data-element_type=\"widget\" data-widget_type=\"text-editor.default\">\n\t\t\t\t\t\t\t\t\t<p>1985 y\u0131l\u0131ndan bu yana \u00e7e\u015fitli sekt\u00f6rlere kimyasal maddeler sa\u011fl\u0131yoruz. Tekstil, metal, g\u0131da, cam, ka\u011f\u0131t, deri ve deterjan sanayilerinde kullan\u0131lan kimyasal maddeler, boyalar ve \u00e7e\u015fitli asit t\u00fcrleri stoklar\u0131m\u0131zda daima bulunmaktad\u0131r.<\/p>\t\t\t\t\t\t\t\t<\/div>\n\t\t\t\t<div class=\"elementor-element elementor-element-1118f93b elementor-invisible elementor-widget elementor-widget-button\" data-id=\"1118f93b\" data-element_type=\"widget\" data-settings=\"{&quot;_animation&quot;:&quot;fadeInDown&quot;}\" data-widget_type=\"button.default\">\n\t\t\t\t\t\t\t\t\t\t<a class=\"elementor-button elementor-button-link elementor-size-sm\" href=\"https:\/\/vuralkimya.com\/?page_id=37\">\n\t\t\t\t\t\t<span class=\"elementor-button-content-wrapper\">\n\t\t\t\t\t\t\t\t\t<span class=\"elementor-button-text\">Hakk\u0131m\u0131zda<\/span>\n\t\t\t\t\t<\/span>\n\t\t\t\t\t<\/a>\n\t\t\t\t\t\t\t\t<\/div>\n\t\t\t\t<\/div>\n\t\t\t\t<\/div>\n\t\t<div class=\"elementor-element elementor-element-2c9e097c e-con-full e-flex e-con e-parent\" data-id=\"2c9e097c\" data-element_type=\"container\">\n\t\t\t\t<div class=\"elementor-element elementor-element-26a0950 elementor-widget elementor-widget-heading\" data-id=\"26a0950\" data-element_type=\"widget\" data-widget_type=\"heading.default\">\n\t\t\t\t\t<span class=\"elementor-heading-title elementor-size-default\">\u00fcr\u00fcnlerimiz<\/span>\t\t\t\t<\/div>\n\t\t<div class=\"elementor-element elementor-element-38988dea e-con-full e-flex e-con e-child\" data-id=\"38988dea\" data-element_type=\"container\">\n\t\t<div class=\"elementor-element elementor-element-400d557 e-con-full e-flex e-con e-child\" data-id=\"400d557\" data-element_type=\"container\">\n\t\t<div class=\"elementor-element elementor-element-5347ee94 e-con-full e-flex e-con e-child\" data-id=\"5347ee94\" data-element_type=\"container\">\n\t\t\t\t<div class=\"elementor-element elementor-element-678bbf65 elementor-position-top elementor-widget elementor-widget-image-box\" data-id=\"678bbf65\" data-element_type=\"widget\" data-widget_type=\"image-box.default\">\n\t\t\t\t\t<div class=\"elementor-image-box-wrapper\"><figure class=\"elementor-image-box-img\"><img fetchpriority=\"high\" decoding=\"async\" width=\"768\" height=\"1152\" src=\"https:\/\/vuralkimya.com\/wp-content\/uploads\/2025\/10\/vuralkimya_kimyasal2_HQ-768x1152.webp\" class=\"elementor-animation-sink attachment-medium_large size-medium_large wp-image-156\" alt=\"vuralkimya_kimyasal2_HQ\" srcset=\"https:\/\/vuralkimya.com\/wp-content\/uploads\/2025\/10\/vuralkimya_kimyasal2_HQ-768x1152.webp 768w, https:\/\/vuralkimya.com\/wp-content\/uploads\/2025\/10\/vuralkimya_kimyasal2_HQ-200x300.webp 200w, https:\/\/vuralkimya.com\/wp-content\/uploads\/2025\/10\/vuralkimya_kimyasal2_HQ-683x1024.webp 683w, https:\/\/vuralkimya.com\/wp-content\/uploads\/2025\/10\/vuralkimya_kimyasal2_HQ-1024x1536.webp 1024w, https:\/\/vuralkimya.com\/wp-content\/uploads\/2025\/10\/vuralkimya_kimyasal2_HQ-scaled.webp 1280w\" sizes=\"(max-width: 768px) 100vw, 768px\" \/><\/figure><div class=\"elementor-image-box-content\"><h3 class=\"elementor-image-box-title\">Kimyasal Maddeler<\/h3><p class=\"elementor-image-box-description\">Al\u00fcminyum s\u00fclfat, amonyak, aseton, \u00e7inko s\u00fclfat, hidrojen peroksit, kalsiyum klor\u00fcr, soda, s. hidroksit, s.silikat, s. s\u00fclfat ve benzeri bir\u00e7ok kimyasallar<\/p><\/div><\/div>\t\t\t\t<\/div>\n\t\t\t\t<div class=\"elementor-element elementor-element-c8ed9f6 elementor-widget elementor-widget-button\" data-id=\"c8ed9f6\" data-element_type=\"widget\" data-widget_type=\"button.default\">\n\t\t\t\t\t\t\t\t\t\t<a class=\"elementor-button elementor-button-link elementor-size-sm\" href=\"https:\/\/vuralkimya.com\/?page_id=28\">\n\t\t\t\t\t\t<span class=\"elementor-button-content-wrapper\">\n\t\t\t\t\t\t\t\t\t<span class=\"elementor-button-text\">Daha Fazlas\u0131<\/span>\n\t\t\t\t\t<\/span>\n\t\t\t\t\t<\/a>\n\t\t\t\t\t\t\t\t<\/div>\n\t\t\t\t<\/div>\n\t\t<div class=\"elementor-element elementor-element-5e2df82d e-con-full e-flex e-con e-child\" data-id=\"5e2df82d\" data-element_type=\"container\">\n\t\t\t\t<div class=\"elementor-element elementor-element-b1b2ef2 elementor-position-top elementor-widget elementor-widget-image-box\" data-id=\"b1b2ef2\" data-element_type=\"widget\" data-widget_type=\"image-box.default\">\n\t\t\t\t\t<div class=\"elementor-image-box-wrapper\"><figure class=\"elementor-image-box-img\"><img decoding=\"async\" width=\"768\" height=\"1152\" src=\"https:\/\/vuralkimya.com\/wp-content\/uploads\/2025\/10\/vuralkimya_asitler_HQ-1-768x1152.webp\" class=\"elementor-animation-sink attachment-medium_large size-medium_large wp-image-152\" alt=\"vuralkimya_asitler_HQ\" srcset=\"https:\/\/vuralkimya.com\/wp-content\/uploads\/2025\/10\/vuralkimya_asitler_HQ-1-768x1152.webp 768w, https:\/\/vuralkimya.com\/wp-content\/uploads\/2025\/10\/vuralkimya_asitler_HQ-1-200x300.webp 200w, https:\/\/vuralkimya.com\/wp-content\/uploads\/2025\/10\/vuralkimya_asitler_HQ-1-683x1024.webp 683w, https:\/\/vuralkimya.com\/wp-content\/uploads\/2025\/10\/vuralkimya_asitler_HQ-1-1024x1536.webp 1024w, https:\/\/vuralkimya.com\/wp-content\/uploads\/2025\/10\/vuralkimya_asitler_HQ-1-scaled.webp 1280w\" sizes=\"(max-width: 768px) 100vw, 768px\" \/><\/figure><div class=\"elementor-image-box-content\"><h3 class=\"elementor-image-box-title\">Asitler<\/h3><p class=\"elementor-image-box-description\">Asetik asit, formik asit, fosforik asit sitrik asit, hidroflorik asit, nitrik asit, hidroklorik asit s\u00fclf\u00fcrik asit<\/p><\/div><\/div>\t\t\t\t<\/div>\n\t\t\t\t<div class=\"elementor-element elementor-element-7d3aa16b elementor-widget elementor-widget-button\" data-id=\"7d3aa16b\" data-element_type=\"widget\" data-widget_type=\"button.default\">\n\t\t\t\t\t\t\t\t\t\t<a class=\"elementor-button elementor-button-link elementor-size-sm\" href=\"https:\/\/vuralkimya.com\/?page_id=28\">\n\t\t\t\t\t\t<span class=\"elementor-button-content-wrapper\">\n\t\t\t\t\t\t\t\t\t<span class=\"elementor-button-text\">Daha Fazlas\u0131<\/span>\n\t\t\t\t\t<\/span>\n\t\t\t\t\t<\/a>\n\t\t\t\t\t\t\t\t<\/div>\n\t\t\t\t<\/div>\n\t\t<div class=\"elementor-element elementor-element-608ddd19 e-con-full e-flex e-con e-child\" data-id=\"608ddd19\" data-element_type=\"container\">\n\t\t\t\t<div class=\"elementor-element elementor-element-3e98a8cc elementor-position-top elementor-widget elementor-widget-image-box\" data-id=\"3e98a8cc\" data-element_type=\"widget\" data-widget_type=\"image-box.default\">\n\t\t\t\t\t<div class=\"elementor-image-box-wrapper\"><figure class=\"elementor-image-box-img\"><img decoding=\"async\" width=\"768\" height=\"1152\" src=\"https:\/\/vuralkimya.com\/wp-content\/uploads\/2025\/10\/vuralkimya_temizlikmalz_HQ-768x1152.webp\" class=\"elementor-animation-sink attachment-medium_large size-medium_large wp-image-154\" alt=\"vuralkimya_temizlikmalz_HQ\" srcset=\"https:\/\/vuralkimya.com\/wp-content\/uploads\/2025\/10\/vuralkimya_temizlikmalz_HQ-768x1152.webp 768w, https:\/\/vuralkimya.com\/wp-content\/uploads\/2025\/10\/vuralkimya_temizlikmalz_HQ-200x300.webp 200w, https:\/\/vuralkimya.com\/wp-content\/uploads\/2025\/10\/vuralkimya_temizlikmalz_HQ-683x1024.webp 683w, https:\/\/vuralkimya.com\/wp-content\/uploads\/2025\/10\/vuralkimya_temizlikmalz_HQ-1024x1536.webp 1024w, https:\/\/vuralkimya.com\/wp-content\/uploads\/2025\/10\/vuralkimya_temizlikmalz_HQ-scaled.webp 1280w\" sizes=\"(max-width: 768px) 100vw, 768px\" \/><\/figure><div class=\"elementor-image-box-content\"><h3 class=\"elementor-image-box-title\">Temizlik Maddeleri<\/h3><p class=\"elementor-image-box-description\">S\u0131v\u0131 deterjan, jel deterjan, s\u0131v\u0131 el sabunu, y\u00fczey temizleyici, ya\u011f \u00e7\u00f6z\u00fcc\u00fc, bula\u015f\u0131k makinas\u0131 deterjan\u0131, \u00e7ama\u015f\u0131r suyu, toz deterjan ve benzeri bir\u00e7ok temizlik maddeleri<\/p><\/div><\/div>\t\t\t\t<\/div>\n\t\t\t\t<div class=\"elementor-element elementor-element-20fc3c92 elementor-widget elementor-widget-button\" data-id=\"20fc3c92\" data-element_type=\"widget\" data-widget_type=\"button.default\">\n\t\t\t\t\t\t\t\t\t\t<a class=\"elementor-button elementor-button-link elementor-size-sm\" href=\"https:\/\/vuralkimya.com\/?page_id=28\">\n\t\t\t\t\t\t<span class=\"elementor-button-content-wrapper\">\n\t\t\t\t\t\t\t\t\t<span class=\"elementor-button-text\">Daha Fazlas\u0131<\/span>\n\t\t\t\t\t<\/span>\n\t\t\t\t\t<\/a>\n\t\t\t\t\t\t\t\t<\/div>\n\t\t\t\t<\/div>\n\t\t<div class=\"elementor-element elementor-element-fe4558b e-con-full e-flex e-con e-child\" data-id=\"fe4558b\" data-element_type=\"container\">\n\t\t\t\t<div class=\"elementor-element elementor-element-c77e782 elementor-position-top elementor-widget elementor-widget-image-box\" data-id=\"c77e782\" data-element_type=\"widget\" data-widget_type=\"image-box.default\">\n\t\t\t\t\t<div class=\"elementor-image-box-wrapper\"><figure class=\"elementor-image-box-img\"><img loading=\"lazy\" decoding=\"async\" width=\"768\" height=\"1152\" src=\"https:\/\/vuralkimya.com\/wp-content\/uploads\/2025\/10\/vuralkimya_tekstilboya2_HQ-768x1152.jpg\" class=\"elementor-animation-sink attachment-medium_large size-medium_large wp-image-157\" alt=\"vuralkimya_tekstilboya2_HQ\" srcset=\"https:\/\/vuralkimya.com\/wp-content\/uploads\/2025\/10\/vuralkimya_tekstilboya2_HQ-768x1152.jpg 768w, https:\/\/vuralkimya.com\/wp-content\/uploads\/2025\/10\/vuralkimya_tekstilboya2_HQ-200x300.webp 200w, https:\/\/vuralkimya.com\/wp-content\/uploads\/2025\/10\/vuralkimya_tekstilboya2_HQ-683x1024.webp 683w, https:\/\/vuralkimya.com\/wp-content\/uploads\/2025\/10\/vuralkimya_tekstilboya2_HQ-1024x1536.jpg 1024w, https:\/\/vuralkimya.com\/wp-content\/uploads\/2025\/10\/vuralkimya_tekstilboya2_HQ-1365x2048.jpg 1365w, https:\/\/vuralkimya.com\/wp-content\/uploads\/2025\/10\/vuralkimya_tekstilboya2_HQ-scaled.webp 1280w\" sizes=\"(max-width: 768px) 100vw, 768px\" \/><\/figure><div class=\"elementor-image-box-content\"><h3 class=\"elementor-image-box-title\">Tekstil Deri ve Ka\u011f\u0131t Boyalar\u0131<\/h3><\/div><\/div>\t\t\t\t<\/div>\n\t\t\t\t<div class=\"elementor-element elementor-element-baffab0 elementor-widget elementor-widget-button\" data-id=\"baffab0\" data-element_type=\"widget\" data-widget_type=\"button.default\">\n\t\t\t\t\t\t\t\t\t\t<a class=\"elementor-button elementor-button-link elementor-size-sm\" href=\"https:\/\/vuralkimya.com\/?page_id=28\">\n\t\t\t\t\t\t<span class=\"elementor-button-content-wrapper\">\n\t\t\t\t\t\t\t\t\t<span class=\"elementor-button-text\">Daha Fazlas\u0131<\/span>\n\t\t\t\t\t<\/span>\n\t\t\t\t\t<\/a>\n\t\t\t\t\t\t\t\t<\/div>\n\t\t\t\t<\/div>\n\t\t<div class=\"elementor-element elementor-element-e174511 e-con-full e-flex e-con e-child\" data-id=\"e174511\" data-element_type=\"container\">\n\t\t\t\t<div class=\"elementor-element elementor-element-16c3044 elementor-position-top elementor-widget elementor-widget-image-box\" data-id=\"16c3044\" data-element_type=\"widget\" data-widget_type=\"image-box.default\">\n\t\t\t\t\t<div class=\"elementor-image-box-wrapper\"><figure class=\"elementor-image-box-img\"><img loading=\"lazy\" decoding=\"async\" width=\"768\" height=\"1152\" src=\"https:\/\/vuralkimya.com\/wp-content\/uploads\/2025\/10\/vuralkimya_asitkaplari2_HQ-768x1152.webp\" class=\"elementor-animation-sink attachment-medium_large size-medium_large wp-image-155\" alt=\"vuralkimya_asitkaplari2_HQ\" srcset=\"https:\/\/vuralkimya.com\/wp-content\/uploads\/2025\/10\/vuralkimya_asitkaplari2_HQ-768x1152.webp 768w, https:\/\/vuralkimya.com\/wp-content\/uploads\/2025\/10\/vuralkimya_asitkaplari2_HQ-200x300.webp 200w, https:\/\/vuralkimya.com\/wp-content\/uploads\/2025\/10\/vuralkimya_asitkaplari2_HQ-683x1024.webp 683w, https:\/\/vuralkimya.com\/wp-content\/uploads\/2025\/10\/vuralkimya_asitkaplari2_HQ-1024x1536.webp 1024w, https:\/\/vuralkimya.com\/wp-content\/uploads\/2025\/10\/vuralkimya_asitkaplari2_HQ-scaled.webp 1280w\" sizes=\"(max-width: 768px) 100vw, 768px\" \/><\/figure><div class=\"elementor-image-box-content\"><h3 class=\"elementor-image-box-title\">Plastik Asit Kaplar\u0131 ve Tekstil Arabalar\u0131<\/h3><\/div><\/div>\t\t\t\t<\/div>\n\t\t\t\t<div class=\"elementor-element elementor-element-e91a563 elementor-widget elementor-widget-button\" data-id=\"e91a563\" data-element_type=\"widget\" data-widget_type=\"button.default\">\n\t\t\t\t\t\t\t\t\t\t<a class=\"elementor-button elementor-button-link elementor-size-sm\" href=\"https:\/\/vuralkimya.com\/?page_id=28\">\n\t\t\t\t\t\t<span class=\"elementor-button-content-wrapper\">\n\t\t\t\t\t\t\t\t\t<span class=\"elementor-button-text\">Daha Fazlas\u0131<\/span>\n\t\t\t\t\t<\/span>\n\t\t\t\t\t<\/a>\n\t\t\t\t\t\t\t\t<\/div>\n\t\t\t\t<\/div>\n\t\t\t\t<\/div>\n\t\t\t\t<\/div>\n\t\t\t\t<\/div>\n\t\t<div class=\"elementor-element elementor-element-40ee7f4f e-con-full e-flex e-con e-parent\" data-id=\"40ee7f4f\" data-element_type=\"container\" data-settings=\"{&quot;background_background&quot;:&quot;classic&quot;}\">\n\t\t\t\t<div class=\"elementor-element elementor-element-f7e67cc elementor-widget elementor-widget-spacer\" data-id=\"f7e67cc\" data-element_type=\"widget\" data-widget_type=\"spacer.default\">\n\t\t\t\t\t\t\t<div class=\"elementor-spacer\">\n\t\t\t<div class=\"elementor-spacer-inner\"><\/div>\n\t\t<\/div>\n\t\t\t\t\t\t<\/div>\n\t\t<div class=\"elementor-element elementor-element-1d6833f3 e-con-full e-flex e-con e-child\" data-id=\"1d6833f3\" data-element_type=\"container\">\n\t\t\t\t<div class=\"elementor-element elementor-element-43c8c9c7 elementor-widget elementor-widget-heading\" data-id=\"43c8c9c7\" data-element_type=\"widget\" data-widget_type=\"heading.default\">\n\t\t\t\t\t<h2 class=\"elementor-heading-title elementor-size-default\">Sipari\u015fleriniz i\u00e7in hemen bizimle ileti\u015fime ge\u00e7in.<\/h2>\t\t\t\t<\/div>\n\t\t<div class=\"elementor-element elementor-element-5c93612e e-con-full e-flex e-con e-child\" data-id=\"5c93612e\" data-element_type=\"container\">\n\t\t\t\t<div class=\"elementor-element elementor-element-629b292e elementor-widget elementor-widget-text-editor\" data-id=\"629b292e\" data-element_type=\"widget\" data-widget_type=\"text-editor.default\">\n\t\t\t\t\t\t\t\t\t<p>\u00c7e\u015fitli kimyasal maddeler, asitler, temizlik \u00fcr\u00fcnleri, tekstil, deri ve k\u00e2\u011f\u0131t boyalar\u0131 ile plastik asit kaplar\u0131 ve tekstil arabalar\u0131 gibi ihtiya\u00e7lar\u0131n\u0131z i\u00e7in kaliteli ve uygun fiyatl\u0131 \u00fcr\u00fcnlerimizle hizmetinizdeyiz.<\/p>\t\t\t\t\t\t\t\t<\/div>\n\t\t\t\t<\/div>\n\t\t<div class=\"elementor-element elementor-element-37da64f e-con-full e-flex e-con e-child\" data-id=\"37da64f\" data-element_type=\"container\">\n\t\t\t\t<div class=\"elementor-element elementor-element-556d7c0 elementor-widget elementor-widget-text-editor\" data-id=\"556d7c0\" data-element_type=\"widget\" data-widget_type=\"text-editor.default\">\n\t\t\t\t\t\t\t\t\t<p>0533 387 0373<\/p><p>vuralkimya@gmail.com<\/p><p>Melikgazi, Kayseri, T\u00fcrkiye<\/p>\t\t\t\t\t\t\t\t<\/div>\n\t\t\t\t<\/div>\n\t\t\t\t<\/div>\n\t\t\t\t<div class=\"elementor-element elementor-element-3dfa292a elementor-invisible elementor-widget elementor-widget-heading\" data-id=\"3dfa292a\" data-element_type=\"widget\" data-settings=\"{&quot;_animation&quot;:&quot;fadeInUp&quot;}\" data-widget_type=\"heading.default\">\n\t\t\t\t\t<span class=\"elementor-heading-title elementor-size-default\">bize ula\u015f\u0131n<\/span>\t\t\t\t<\/div>\n\t\t\t\t<\/div>\n\t\t\t\t<\/div>\n\t\t","protected":false},"excerpt":{"rendered":"<p>End\u00fcstriyel Kimyasallar ve \u00dcr\u00fcn \u00c7\u00f6z\u00fcmleri Geni\u015f kapsaml\u0131 katalo\u011fumuzu indirin. Katalog vuralkimya Kalite, G\u00fcven ve 40 y\u0131ll\u0131k tecr\u00fcbemizle Yan\u0131n\u0131zday\u0131z 1985 y\u0131l\u0131ndan bu yana \u00e7e\u015fitli sekt\u00f6rlere kimyasal maddeler sa\u011fl\u0131yoruz. Tekstil, metal, g\u0131da, cam, ka\u011f\u0131t, deri ve deterjan sanayilerinde kullan\u0131lan kimyasal maddeler, boyalar ve \u00e7e\u015fitli asit t\u00fcrleri stoklar\u0131m\u0131zda daima bulunmaktad\u0131r. Hakk\u0131m\u0131zda \u00fcr\u00fcnlerimiz Kimyasal Maddeler Al\u00fcminyum s\u00fclfat, amonyak, aseton, [&hellip;]<\/p>\n","protected":false},"author":1,"featured_media":131,"parent":0,"menu_order":0,"comment_status":"closed","ping_status":"closed","template":"elementor_header_footer","meta":{"footnotes":""},"class_list":["post-49","page","type-page","status-publish","has-post-thumbnail","hentry"],"_links":{"self":[{"href":"https:\/\/vuralkimya.com\/index.php?rest_route=\/wp\/v2\/pages\/49","targetHints":{"allow":["GET"]}}],"collection":[{"href":"https:\/\/vuralkimya.com\/index.php?rest_route=\/wp\/v2\/pages"}],"about":[{"href":"https:\/\/vuralkimya.com\/index.php?rest_route=\/wp\/v2\/types\/page"}],"author":[{"embeddable":true,"href":"https:\/\/vuralkimya.com\/index.php?rest_route=\/wp\/v2\/users\/1"}],"replies":[{"embeddable":true,"href":"https:\/\/vuralkimya.com\/index.php?rest_route=%2Fwp%2Fv2%2Fcomments&post=49"}],"version-history":[{"count":46,"href":"https:\/\/vuralkimya.com\/index.php?rest_route=\/wp\/v2\/pages\/49\/revisions"}],"predecessor-version":[{"id":229,"href":"https:\/\/vuralkimya.com\/index.php?rest_route=\/wp\/v2\/pages\/49\/revisions\/229"}],"wp:featuredmedia":[{"embeddable":true,"href":"https:\/\/vuralkimya.com\/index.php?rest_route=\/wp\/v2\/media\/131"}],"wp:attachment":[{"href":"https:\/\/vuralkimya.com\/index.php?rest_route=%2Fwp%2Fv2%2Fmedia&parent=49"}],"curies":[{"name":"wp","href":"https:\/\/api.w.org\/{rel}","templated":true}]}}