{"id":37,"date":"2025-10-18T17:23:37","date_gmt":"2025-10-18T14:23:37","guid":{"rendered":"https:\/\/vuralkimya.com\/?page_id=37"},"modified":"2025-10-18T21:27:07","modified_gmt":"2025-10-18T18:27:07","slug":"vural-kimya-hakkimizda","status":"publish","type":"page","link":"https:\/\/vuralkimya.com\/?page_id=37","title":{"rendered":"Hakk\u0131m\u0131zda"},"content":{"rendered":"\t\t<div data-elementor-type=\"wp-page\" data-elementor-id=\"37\" class=\"elementor elementor-37\">\n\t\t\t\t<div class=\"elementor-element elementor-element-19ef1803 e-con-full e-flex e-con e-parent\" data-id=\"19ef1803\" data-element_type=\"container\">\n\t\t<div class=\"elementor-element elementor-element-1324e3b6 e-con-full e-flex e-con e-child\" data-id=\"1324e3b6\" data-element_type=\"container\">\n\t\t<div class=\"elementor-element elementor-element-1cadb05f e-con-full e-flex e-con e-child\" data-id=\"1cadb05f\" data-element_type=\"container\">\n\t\t\t\t<div class=\"elementor-element elementor-element-6629dba elementor-widget elementor-widget-heading\" data-id=\"6629dba\" data-element_type=\"widget\" data-widget_type=\"heading.default\">\n\t\t\t\t\t<h2 class=\"elementor-heading-title elementor-size-default\">hakk\u0131m\u0131zda<\/h2>\t\t\t\t<\/div>\n\t\t\t\t<div class=\"elementor-element elementor-element-30fbb45e elementor-widget elementor-widget-heading\" data-id=\"30fbb45e\" data-element_type=\"widget\" data-widget_type=\"heading.default\">\n\t\t\t\t\t<h1 class=\"elementor-heading-title elementor-size-default\">1985 y\u0131l\u0131ndan bu yana<br>\u00e7e\u015fitli sekt\u00f6rlere kimyasal maddeler sa\u011fl\u0131yoruz \n<\/h1>\t\t\t\t<\/div>\n\t\t\t\t<div class=\"elementor-element elementor-element-1a58cb49 elementor-widget__width-initial elementor-invisible elementor-widget elementor-widget-text-editor\" data-id=\"1a58cb49\" data-element_type=\"widget\" data-settings=\"{&quot;_animation&quot;:&quot;fadeInDown&quot;}\" data-widget_type=\"text-editor.default\">\n\t\t\t\t\t\t\t\t\t<p>Tekstil, metal, g\u0131da, cam, ka\u011f\u0131t, deri ve deterjan sanayilerinde kullan\u0131lan kimyasal maddeler, boyalar ve \u00e7e\u015fitli asit t\u00fcrleri stoklar\u0131m\u0131zda daima bulunmaktad\u0131r.<\/p>\t\t\t\t\t\t\t\t<\/div>\n\t\t\t\t<\/div>\n\t\t\t\t<\/div>\n\t\t<div class=\"elementor-element elementor-element-3d423c1b e-con-full e-flex e-con e-child\" data-id=\"3d423c1b\" data-element_type=\"container\" data-settings=\"{&quot;background_background&quot;:&quot;classic&quot;}\">\n\t\t\t\t<\/div>\n\t\t\t\t<\/div>\n\t\t<div class=\"elementor-element elementor-element-6d796fa4 e-con-full e-flex e-con e-parent\" data-id=\"6d796fa4\" data-element_type=\"container\">\n\t\t<div class=\"elementor-element elementor-element-120bfebc e-con-full e-flex e-con e-child\" data-id=\"120bfebc\" data-element_type=\"container\" data-settings=\"{&quot;background_background&quot;:&quot;classic&quot;}\">\n\t\t\t\t<\/div>\n\t\t<div class=\"elementor-element elementor-element-358ca1a6 e-con-full e-flex e-con e-child\" data-id=\"358ca1a6\" data-element_type=\"container\">\n\t\t\t\t<div class=\"elementor-element elementor-element-f555ea7 elementor-widget elementor-widget-heading\" data-id=\"f555ea7\" data-element_type=\"widget\" data-widget_type=\"heading.default\">\n\t\t\t\t\t<h2 class=\"elementor-heading-title elementor-size-default\">Toz ve s\u0131v\u0131 temizlik maddeleri ihtiya\u00e7lar\u0131n\u0131z\u0131, kaliteli ve uygun fiyatl\u0131 \u00fcr\u00fcnlerimizle kar\u015f\u0131l\u0131yoruz.<\/h2>\t\t\t\t<\/div>\n\t\t\t\t<\/div>\n\t\t\t\t<\/div>\n\t\t<div class=\"elementor-element elementor-element-1f7a8d9f e-con-full e-flex e-con e-parent\" data-id=\"1f7a8d9f\" data-element_type=\"container\">\n\t\t\t\t<div class=\"elementor-element elementor-element-197f8eca elementor-widget elementor-widget-heading\" data-id=\"197f8eca\" data-element_type=\"widget\" data-widget_type=\"heading.default\">\n\t\t\t\t\t<span class=\"elementor-heading-title elementor-size-default\">bize ula\u015f\u0131n<\/span>\t\t\t\t<\/div>\n\t\t\t\t<div class=\"elementor-element elementor-element-6d23c3f elementor-widget elementor-widget-spacer\" data-id=\"6d23c3f\" data-element_type=\"widget\" data-widget_type=\"spacer.default\">\n\t\t\t\t\t\t\t<div class=\"elementor-spacer\">\n\t\t\t<div class=\"elementor-spacer-inner\"><\/div>\n\t\t<\/div>\n\t\t\t\t\t\t<\/div>\n\t\t<div class=\"elementor-element elementor-element-a90782d e-grid e-con-full e-con e-child\" data-id=\"a90782d\" data-element_type=\"container\">\n\t\t\t\t<div class=\"elementor-element elementor-element-4a0fa36 elementor-widget elementor-widget-heading\" data-id=\"4a0fa36\" data-element_type=\"widget\" data-widget_type=\"heading.default\">\n\t\t\t\t\t<h2 class=\"elementor-heading-title elementor-size-default\">Telefon: 0533 387 0373<\/h2>\t\t\t\t<\/div>\n\t\t\t\t<div class=\"elementor-element elementor-element-4447aca elementor-widget elementor-widget-heading\" data-id=\"4447aca\" data-element_type=\"widget\" data-widget_type=\"heading.default\">\n\t\t\t\t\t<h2 class=\"elementor-heading-title elementor-size-default\">e-posta: vuralkimya@gmail.com<\/h2>\t\t\t\t<\/div>\n\t\t\t\t<div class=\"elementor-element elementor-element-a8fac9d elementor-widget elementor-widget-heading\" data-id=\"a8fac9d\" data-element_type=\"widget\" data-widget_type=\"heading.default\">\n\t\t\t\t\t<h2 class=\"elementor-heading-title elementor-size-default\">Adres: Melikgazi, Kayseri, T\u00fcrkiye<\/h2>\t\t\t\t<\/div>\n\t\t\t\t<\/div>\n\t\t\t\t<\/div>\n\t\t\t\t<\/div>\n\t\t","protected":false},"excerpt":{"rendered":"<p>hakk\u0131m\u0131zda 1985 y\u0131l\u0131ndan bu yana\u00e7e\u015fitli sekt\u00f6rlere kimyasal maddeler sa\u011fl\u0131yoruz Tekstil, metal, g\u0131da, cam, ka\u011f\u0131t, deri ve deterjan sanayilerinde kullan\u0131lan kimyasal maddeler, boyalar ve \u00e7e\u015fitli asit t\u00fcrleri stoklar\u0131m\u0131zda daima bulunmaktad\u0131r. Toz ve s\u0131v\u0131 temizlik maddeleri ihtiya\u00e7lar\u0131n\u0131z\u0131, kaliteli ve uygun fiyatl\u0131 \u00fcr\u00fcnlerimizle kar\u015f\u0131l\u0131yoruz. bize ula\u015f\u0131n Telefon: 0533 387 0373 e-posta: vuralkimya@gmail.com Adres: Melikgazi, Kayseri, T\u00fcrkiye<\/p>\n","protected":false},"author":1,"featured_media":0,"parent":0,"menu_order":0,"comment_status":"closed","ping_status":"closed","template":"elementor_header_footer","meta":{"footnotes":""},"class_list":["post-37","page","type-page","status-publish","hentry"],"_links":{"self":[{"href":"https:\/\/vuralkimya.com\/index.php?rest_route=\/wp\/v2\/pages\/37","targetHints":{"allow":["GET"]}}],"collection":[{"href":"https:\/\/vuralkimya.com\/index.php?rest_route=\/wp\/v2\/pages"}],"about":[{"href":"https:\/\/vuralkimya.com\/index.php?rest_route=\/wp\/v2\/types\/page"}],"author":[{"embeddable":true,"href":"https:\/\/vuralkimya.com\/index.php?rest_route=\/wp\/v2\/users\/1"}],"replies":[{"embeddable":true,"href":"https:\/\/vuralkimya.com\/index.php?rest_route=%2Fwp%2Fv2%2Fcomments&post=37"}],"version-history":[{"count":21,"href":"https:\/\/vuralkimya.com\/index.php?rest_route=\/wp\/v2\/pages\/37\/revisions"}],"predecessor-version":[{"id":240,"href":"https:\/\/vuralkimya.com\/index.php?rest_route=\/wp\/v2\/pages\/37\/revisions\/240"}],"wp:attachment":[{"href":"https:\/\/vuralkimya.com\/index.php?rest_route=%2Fwp%2Fv2%2Fmedia&parent=37"}],"curies":[{"name":"wp","href":"https:\/\/api.w.org\/{rel}","templated":true}]}}