{"id":28,"date":"2025-10-18T17:23:35","date_gmt":"2025-10-18T14:23:35","guid":{"rendered":"https:\/\/vuralkimya.com\/?page_id=28"},"modified":"2025-10-18T20:55:48","modified_gmt":"2025-10-18T17:55:48","slug":"products","status":"publish","type":"page","link":"https:\/\/vuralkimya.com\/?page_id=28","title":{"rendered":"\u00dcr\u00fcnlerimiz"},"content":{"rendered":"\t\t<div data-elementor-type=\"wp-page\" data-elementor-id=\"28\" class=\"elementor elementor-28\">\n\t\t\t\t<div class=\"elementor-element elementor-element-b3fee88 e-con-full e-flex e-con e-parent\" data-id=\"b3fee88\" data-element_type=\"container\">\n\t\t<div class=\"elementor-element elementor-element-74a392c1 e-con-full e-flex e-con e-child\" data-id=\"74a392c1\" data-element_type=\"container\">\n\t\t<div class=\"elementor-element elementor-element-7ffe2541 e-con-full e-flex e-con e-child\" data-id=\"7ffe2541\" data-element_type=\"container\">\n\t\t\t\t<div class=\"elementor-element elementor-element-16b88acc elementor-widget elementor-widget-heading\" data-id=\"16b88acc\" data-element_type=\"widget\" data-widget_type=\"heading.default\">\n\t\t\t\t\t<h1 class=\"elementor-heading-title elementor-size-default\">Kimyasal Maddeler, Asitler, Temizlik Maddeleri ve daha fazlas\u0131<\/h1>\t\t\t\t<\/div>\n\t\t\t\t<div class=\"elementor-element elementor-element-67695bb6 elementor-widget__width-initial elementor-invisible elementor-widget elementor-widget-text-editor\" data-id=\"67695bb6\" data-element_type=\"widget\" data-settings=\"{&quot;_animation&quot;:&quot;fadeInDown&quot;}\" data-widget_type=\"text-editor.default\">\n\t\t\t\t\t\t\t\t\t<p>S\u00fcrekli olarak stoklar\u0131m\u0131zda bulundurdu\u011fumuz \u00e7e\u015fitli kimyasal maddeler, asitler, temizlik maddeleri, tekstil deri ve ka\u011f\u0131t boyalar\u0131, plastik asit kaplar\u0131 ve tekstil arabalar\u0131 ile bir\u00e7ok sekt\u00f6re y\u00f6nelik kaliteli ve uygun fiyatl\u0131 \u00fcr\u00fcnlerimizle hizmetinizdeyiz.<\/p>\t\t\t\t\t\t\t\t<\/div>\n\t\t\t\t<\/div>\n\t\t\t\t<div class=\"elementor-element elementor-element-18c6cdad elementor-invisible elementor-widget elementor-widget-heading\" data-id=\"18c6cdad\" data-element_type=\"widget\" data-settings=\"{&quot;_animation&quot;:&quot;fadeInUp&quot;}\" data-widget_type=\"heading.default\">\n\t\t\t\t\t<span class=\"elementor-heading-title elementor-size-default\">\u00fcr\u00fcnlerimiz<\/span>\t\t\t\t<\/div>\n\t\t\t\t<\/div>\n\t\t<div class=\"elementor-element elementor-element-699e7148 e-con-full e-flex e-con e-child\" data-id=\"699e7148\" data-element_type=\"container\" data-settings=\"{&quot;background_background&quot;:&quot;classic&quot;}\">\n\t\t\t\t<\/div>\n\t\t\t\t<\/div>\n\t\t<div class=\"elementor-element elementor-element-23f61ecc e-con-full e-flex e-con e-parent\" data-id=\"23f61ecc\" data-element_type=\"container\" id=\"Workshop_Learn_The_Basics\">\n\t\t<div class=\"elementor-element elementor-element-5ce23c7f e-con-full e-flex e-con e-child\" data-id=\"5ce23c7f\" data-element_type=\"container\" data-settings=\"{&quot;background_background&quot;:&quot;classic&quot;}\">\n\t\t\t\t<\/div>\n\t\t<div class=\"elementor-element elementor-element-357f1d72 e-con-full e-flex e-con e-child\" data-id=\"357f1d72\" data-element_type=\"container\">\n\t\t\t\t<div class=\"elementor-element elementor-element-7f9137f9 elementor-widget elementor-widget-heading\" data-id=\"7f9137f9\" data-element_type=\"widget\" data-widget_type=\"heading.default\">\n\t\t\t\t\t<h2 class=\"elementor-heading-title elementor-size-default\">Kimyasal Maddeler<\/h2>\t\t\t\t<\/div>\n\t\t<div class=\"elementor-element elementor-element-66055cf e-grid e-con-full e-con e-child\" data-id=\"66055cf\" data-element_type=\"container\">\n\t\t\t\t<div class=\"elementor-element elementor-element-4d31c969 elementor-widget elementor-widget-text-editor\" data-id=\"4d31c969\" data-element_type=\"widget\" data-widget_type=\"text-editor.default\">\n\t\t\t\t\t\t\t\t\t<ul><li>Al\u00fcminyun S\u00fclfat<\/li><li>Amonyak<\/li><li>Amonyum Klor\u00fcr<\/li><li>Aseton<\/li><li>Bak\u0131r S\u00fclfat<\/li><li>Boraks<\/li><li>\u00c7inko S\u00fclfat<\/li><li>Etil Asetat<\/li><li>Hidrojen Peroksit<\/li><li>\u0130zopropil Alkol<\/li><li>Kalsiyum Klor\u00fcr<\/li><li>Labsa<\/li><li>Magnezyum S\u00fclfat<\/li><li>Magnezyum Klor\u00fcr<\/li><li>Metilen Klorit<\/li><li>Monoetanolamin<\/li><li>N. B\u00fctanol<\/li><li>Noniyonik<\/li><\/ul>\t\t\t\t\t\t\t\t<\/div>\n\t\t\t\t<div class=\"elementor-element elementor-element-fb70479 elementor-widget elementor-widget-text-editor\" data-id=\"fb70479\" data-element_type=\"widget\" data-widget_type=\"text-editor.default\">\n\t\t\t\t\t\t\t\t\t<ul><li>Perkloretilen<\/li><li>Polietilen Glikol<\/li><li>Soda<\/li><li>Talk<\/li><li>Teksapon<\/li><li>Trietanolamin<\/li><li>Trikloretilen<\/li><li>Trisodyumfosfat<\/li><li>\u00dcre<\/li><li>S. Asetat<\/li><li>S. Bikarbonat<\/li><li>S. Hidroksit (s\u0131v\u0131-payet)<\/li><li>S. Hidros\u00fclfit<\/li><li>S. Hipoklorit<\/li><li>S. Klor\u00fcr<\/li><li>S. Metabis\u00fclfit<\/li><li>S. Perborat<\/li><li>S. Silikat<\/li><li>S. S\u00fclfat (rafine-kristal)<\/li><\/ul>\t\t\t\t\t\t\t\t<\/div>\n\t\t\t\t<\/div>\n\t\t\t\t<\/div>\n\t\t\t\t<\/div>\n\t\t<div class=\"elementor-element elementor-element-5772747e e-con-full e-flex e-con e-parent\" data-id=\"5772747e\" data-element_type=\"container\" id=\"Workshop_Master_The_Basics\">\n\t\t<div class=\"elementor-element elementor-element-790b93f e-con-full e-flex e-con e-child\" data-id=\"790b93f\" data-element_type=\"container\" data-settings=\"{&quot;background_background&quot;:&quot;classic&quot;}\">\n\t\t\t\t<\/div>\n\t\t<div class=\"elementor-element elementor-element-43d875b7 e-con-full e-flex e-con e-child\" data-id=\"43d875b7\" data-element_type=\"container\">\n\t\t\t\t<div class=\"elementor-element elementor-element-1d2553af elementor-widget elementor-widget-heading\" data-id=\"1d2553af\" data-element_type=\"widget\" data-widget_type=\"heading.default\">\n\t\t\t\t\t<h2 class=\"elementor-heading-title elementor-size-default\">Asitler<\/h2>\t\t\t\t<\/div>\n\t\t\t\t<div class=\"elementor-element elementor-element-18a64f9e elementor-widget elementor-widget-text-editor\" data-id=\"18a64f9e\" data-element_type=\"widget\" data-widget_type=\"text-editor.default\">\n\t\t\t\t\t\t\t\t\t<ul><li>Asetik Asit<\/li><li>Formik Asit<\/li><li>Fosforik Asit Sitrik Asit<\/li><li>Hidroflorik Asit<\/li><li>Nitrik Asit<\/li><li>Hidroklorik Asit S\u00fclf\u00fcrik Asit<\/li><\/ul>\t\t\t\t\t\t\t\t<\/div>\n\t\t\t\t<\/div>\n\t\t\t\t<\/div>\n\t\t<div class=\"elementor-element elementor-element-4363dd09 e-con-full e-flex e-con e-parent\" data-id=\"4363dd09\" data-element_type=\"container\" id=\"Workshop_Be_Ceramic_Superhero\">\n\t\t<div class=\"elementor-element elementor-element-5e8e7e48 e-con-full e-flex e-con e-child\" data-id=\"5e8e7e48\" data-element_type=\"container\" data-settings=\"{&quot;background_background&quot;:&quot;classic&quot;}\">\n\t\t\t\t<\/div>\n\t\t<div class=\"elementor-element elementor-element-1a0b011 e-con-full e-flex e-con e-child\" data-id=\"1a0b011\" data-element_type=\"container\">\n\t\t\t\t<div class=\"elementor-element elementor-element-6adb0d4a elementor-widget elementor-widget-heading\" data-id=\"6adb0d4a\" data-element_type=\"widget\" data-widget_type=\"heading.default\">\n\t\t\t\t\t<h2 class=\"elementor-heading-title elementor-size-default\">Temizlik Maddeleri<\/h2>\t\t\t\t<\/div>\n\t\t\t\t<div class=\"elementor-element elementor-element-35b72a7d elementor-widget elementor-widget-text-editor\" data-id=\"35b72a7d\" data-element_type=\"widget\" data-widget_type=\"text-editor.default\">\n\t\t\t\t\t\t\t\t\t<ul><li>S\u0131v\u0131 Deterjan<\/li><li>Jel Deterjan<\/li><li>S\u0131v\u0131 El Sabunu<\/li><li>Y\u00fczey Temizleyici<\/li><li>Ya\u011f \u00c7\u00f6z\u00fcc\u00fc<\/li><li>Bula\u015f\u0131k Makina Deterjan\u0131<\/li><li>Bula\u015f\u0131k Makina Parlat\u0131c\u0131<\/li><li>\u00c7ama\u015f\u0131r Suyu<\/li><li>Hal\u0131 \u015eampuan\u0131<\/li><li>Toz Deterjan<\/li><li>Matik Deterjan<\/li><\/ul>\t\t\t\t\t\t\t\t<\/div>\n\t\t\t\t<\/div>\n\t\t\t\t<\/div>\n\t\t<div class=\"elementor-element elementor-element-22112c3 e-con-full e-flex e-con e-parent\" data-id=\"22112c3\" data-element_type=\"container\">\n\t\t<div class=\"elementor-element elementor-element-77ea5864 e-con-full e-flex e-con e-child\" data-id=\"77ea5864\" data-element_type=\"container\" data-settings=\"{&quot;background_background&quot;:&quot;classic&quot;}\">\n\t\t\t\t<\/div>\n\t\t<div class=\"elementor-element elementor-element-20b17323 e-con-full e-flex e-con e-child\" data-id=\"20b17323\" data-element_type=\"container\">\n\t\t\t\t<div class=\"elementor-element elementor-element-3be8b162 elementor-widget elementor-widget-heading\" data-id=\"3be8b162\" data-element_type=\"widget\" data-widget_type=\"heading.default\">\n\t\t\t\t\t<h2 class=\"elementor-heading-title elementor-size-default\">Tekstil Deri ve Ka\u011f\u0131t Boyalar\u0131<\/h2>\t\t\t\t<\/div>\n\t\t\t\t<div class=\"elementor-element elementor-element-45e4497 elementor-widget elementor-widget-text-editor\" data-id=\"45e4497\" data-element_type=\"widget\" data-widget_type=\"text-editor.default\">\n\t\t\t\t\t\t\t\t\t<p>Tekstilde kullan\u0131lan muhtelif deri ve ka\u011f\u0131t boyalar\u0131. Detayl\u0131 bilgi i\u00e7in l\u00fctfen ileti\u015fime ge\u00e7iniz.<\/p>\t\t\t\t\t\t\t\t<\/div>\n\t\t\t\t<\/div>\n\t\t\t\t<\/div>\n\t\t<div class=\"elementor-element elementor-element-4aa871d e-con-full e-flex e-con e-parent\" data-id=\"4aa871d\" data-element_type=\"container\">\n\t\t<div class=\"elementor-element elementor-element-66a0a4d e-con-full e-flex e-con e-child\" data-id=\"66a0a4d\" data-element_type=\"container\" data-settings=\"{&quot;background_background&quot;:&quot;classic&quot;}\">\n\t\t\t\t<\/div>\n\t\t<div class=\"elementor-element elementor-element-dce321e e-con-full e-flex e-con e-child\" data-id=\"dce321e\" data-element_type=\"container\">\n\t\t\t\t<div class=\"elementor-element elementor-element-fd348e8 elementor-widget elementor-widget-heading\" data-id=\"fd348e8\" data-element_type=\"widget\" data-widget_type=\"heading.default\">\n\t\t\t\t\t<h2 class=\"elementor-heading-title elementor-size-default\">Plastik Asit Kaplar\u0131 ve Tekstil Arabalar\u0131<\/h2>\t\t\t\t<\/div>\n\t\t\t\t<div class=\"elementor-element elementor-element-4b05f4d elementor-widget elementor-widget-text-editor\" data-id=\"4b05f4d\" data-element_type=\"widget\" data-widget_type=\"text-editor.default\">\n\t\t\t\t\t\t\t\t\t<p>Depolama i\u00e7in kullan\u0131lan muhtelif kaplar. Detayl\u0131 bilgi i\u00e7in l\u00fctfen ileti\u015fime ge\u00e7iniz.<\/p>\t\t\t\t\t\t\t\t<\/div>\n\t\t\t\t<\/div>\n\t\t\t\t<\/div>\n\t\t<div class=\"elementor-element elementor-element-74ea241 e-flex e-con-boxed e-con e-parent\" data-id=\"74ea241\" data-element_type=\"container\">\n\t\t\t\t\t<div class=\"e-con-inner\">\n\t\t<div class=\"elementor-element elementor-element-454e0fa e-con-full e-flex e-con e-child\" data-id=\"454e0fa\" data-element_type=\"container\" data-settings=\"{&quot;background_background&quot;:&quot;classic&quot;}\">\n\t\t\t\t<div class=\"elementor-element elementor-element-241aa37 elementor-widget elementor-widget-spacer\" data-id=\"241aa37\" data-element_type=\"widget\" data-widget_type=\"spacer.default\">\n\t\t\t\t\t\t\t<div class=\"elementor-spacer\">\n\t\t\t<div class=\"elementor-spacer-inner\"><\/div>\n\t\t<\/div>\n\t\t\t\t\t\t<\/div>\n\t\t<div class=\"elementor-element elementor-element-71f3502 e-con-full e-flex e-con e-child\" data-id=\"71f3502\" data-element_type=\"container\">\n\t\t\t\t<div class=\"elementor-element elementor-element-39e494d elementor-widget elementor-widget-heading\" data-id=\"39e494d\" data-element_type=\"widget\" data-widget_type=\"heading.default\">\n\t\t\t\t\t<h2 class=\"elementor-heading-title elementor-size-default\">Sipari\u015fleriniz i\u00e7in hemen bizimle ileti\u015fime ge\u00e7in.<\/h2>\t\t\t\t<\/div>\n\t\t<div class=\"elementor-element elementor-element-7dc44c6 e-con-full e-flex e-con e-child\" data-id=\"7dc44c6\" data-element_type=\"container\">\n\t\t\t\t<div class=\"elementor-element elementor-element-b3033de elementor-widget elementor-widget-text-editor\" data-id=\"b3033de\" data-element_type=\"widget\" data-widget_type=\"text-editor.default\">\n\t\t\t\t\t\t\t\t\t<p>\u00c7e\u015fitli kimyasal maddeler, asitler, temizlik \u00fcr\u00fcnleri, tekstil, deri ve k\u00e2\u011f\u0131t boyalar\u0131 ile plastik asit kaplar\u0131 ve tekstil arabalar\u0131 gibi ihtiya\u00e7lar\u0131n\u0131z i\u00e7in kaliteli ve uygun fiyatl\u0131 \u00fcr\u00fcnlerimizle hizmetinizdeyiz.<\/p>\t\t\t\t\t\t\t\t<\/div>\n\t\t\t\t<\/div>\n\t\t<div class=\"elementor-element elementor-element-c2dfe81 e-con-full e-flex e-con e-child\" data-id=\"c2dfe81\" data-element_type=\"container\">\n\t\t\t\t<div class=\"elementor-element elementor-element-b2d1a38 elementor-widget elementor-widget-text-editor\" data-id=\"b2d1a38\" data-element_type=\"widget\" data-widget_type=\"text-editor.default\">\n\t\t\t\t\t\t\t\t\t<p>0533 387 0373<\/p><p>vuralkimya@gmail.com<\/p><p>Melikgazi, Kayseri, T\u00fcrkiye<\/p>\t\t\t\t\t\t\t\t<\/div>\n\t\t\t\t<\/div>\n\t\t\t\t<\/div>\n\t\t\t\t<div class=\"elementor-element elementor-element-187d5ad elementor-invisible elementor-widget elementor-widget-heading\" data-id=\"187d5ad\" data-element_type=\"widget\" data-settings=\"{&quot;_animation&quot;:&quot;fadeInUp&quot;}\" data-widget_type=\"heading.default\">\n\t\t\t\t\t<span class=\"elementor-heading-title elementor-size-default\">bize ula\u015f\u0131n<\/span>\t\t\t\t<\/div>\n\t\t\t\t<\/div>\n\t\t\t\t\t<\/div>\n\t\t\t\t<\/div>\n\t\t\t\t<\/div>\n\t\t","protected":false},"excerpt":{"rendered":"<p>Kimyasal Maddeler, Asitler, Temizlik Maddeleri ve daha fazlas\u0131 S\u00fcrekli olarak stoklar\u0131m\u0131zda bulundurdu\u011fumuz \u00e7e\u015fitli kimyasal maddeler, asitler, temizlik maddeleri, tekstil deri ve ka\u011f\u0131t boyalar\u0131, plastik asit kaplar\u0131 ve tekstil arabalar\u0131 ile bir\u00e7ok sekt\u00f6re y\u00f6nelik kaliteli ve uygun fiyatl\u0131 \u00fcr\u00fcnlerimizle hizmetinizdeyiz. \u00fcr\u00fcnlerimiz Kimyasal Maddeler Al\u00fcminyun S\u00fclfat Amonyak Amonyum Klor\u00fcr Aseton Bak\u0131r S\u00fclfat Boraks \u00c7inko S\u00fclfat Etil Asetat [&hellip;]<\/p>\n","protected":false},"author":1,"featured_media":0,"parent":0,"menu_order":0,"comment_status":"closed","ping_status":"closed","template":"elementor_header_footer","meta":{"footnotes":""},"class_list":["post-28","page","type-page","status-publish","hentry"],"_links":{"self":[{"href":"https:\/\/vuralkimya.com\/index.php?rest_route=\/wp\/v2\/pages\/28","targetHints":{"allow":["GET"]}}],"collection":[{"href":"https:\/\/vuralkimya.com\/index.php?rest_route=\/wp\/v2\/pages"}],"about":[{"href":"https:\/\/vuralkimya.com\/index.php?rest_route=\/wp\/v2\/types\/page"}],"author":[{"embeddable":true,"href":"https:\/\/vuralkimya.com\/index.php?rest_route=\/wp\/v2\/users\/1"}],"replies":[{"embeddable":true,"href":"https:\/\/vuralkimya.com\/index.php?rest_route=%2Fwp%2Fv2%2Fcomments&post=28"}],"version-history":[{"count":26,"href":"https:\/\/vuralkimya.com\/index.php?rest_route=\/wp\/v2\/pages\/28\/revisions"}],"predecessor-version":[{"id":226,"href":"https:\/\/vuralkimya.com\/index.php?rest_route=\/wp\/v2\/pages\/28\/revisions\/226"}],"wp:attachment":[{"href":"https:\/\/vuralkimya.com\/index.php?rest_route=%2Fwp%2Fv2%2Fmedia&parent=28"}],"curies":[{"name":"wp","href":"https:\/\/api.w.org\/{rel}","templated":true}]}}